{"id":29,"date":"2020-01-17T15:26:20","date_gmt":"2020-01-17T18:26:20","guid":{"rendered":"https:\/\/demosites.io\/web-agency\/?page_id=29"},"modified":"2025-09-25T17:40:28","modified_gmt":"2025-09-25T20:40:28","slug":"exportacao","status":"publish","type":"page","link":"https:\/\/lineatrading.com.br\/es\/exportacao\/","title":{"rendered":"Export"},"content":{"rendered":"<div data-elementor-type=\"wp-page\" data-elementor-id=\"29\" class=\"elementor elementor-29\">\n\t\t\t\t\t\t<section class=\"elementor-section elementor-top-section elementor-element elementor-element-29f80ee elementor-section-height-min-height elementor-section-boxed elementor-section-height-default elementor-section-items-middle\" data-id=\"29f80ee\" data-element_type=\"section\" data-e-type=\"section\" data-settings=\"{&quot;background_background&quot;:&quot;classic&quot;}\">\n\t\t\t\t\t\t<div class=\"elementor-container elementor-column-gap-default\">\n\t\t\t\t\t<div class=\"elementor-column elementor-col-100 elementor-top-column elementor-element elementor-element-324b2fb\" data-id=\"324b2fb\" data-element_type=\"column\" data-e-type=\"column\" data-settings=\"{&quot;background_background&quot;:&quot;classic&quot;}\">\n\t\t\t<div class=\"elementor-widget-wrap elementor-element-populated\">\n\t\t\t\t\t<div class=\"elementor-background-overlay\"><\/div>\n\t\t\t\t\t\t<div class=\"elementor-element elementor-element-33e4065 elementor-widget elementor-widget-heading\" data-id=\"33e4065\" data-element_type=\"widget\" data-e-type=\"widget\" data-widget_type=\"heading.default\">\n\t\t\t\t<div class=\"elementor-widget-container\">\n\t\t\t\t\t<h1 class=\"elementor-heading-title elementor-size-default\">EXPORTACI\u00d3N<\/h1>\t\t\t\t<\/div>\n\t\t\t\t<\/div>\n\t\t\t\t<div class=\"elementor-element elementor-element-7f7136f elementor-widget elementor-widget-text-editor\" data-id=\"7f7136f\" data-element_type=\"widget\" data-e-type=\"widget\" data-widget_type=\"text-editor.default\">\n\t\t\t\t<div class=\"elementor-widget-container\">\n\t\t\t\t\t\t\t\t\t<p>Contamos con las mejores soluciones de comercio exterior para su empresa. Nos encargamos de todo el proceso de exportaci\u00f3n. Reduzca costos y encuentre al mejor importador.<\/p>\t\t\t\t\t\t\t\t<\/div>\n\t\t\t\t<\/div>\n\t\t\t\t\t<\/div>\n\t\t<\/div>\n\t\t\t\t\t<\/div>\n\t\t<\/section>\n\t\t\t\t<section class=\"elementor-section elementor-top-section elementor-element elementor-element-67282f2 elementor-section-boxed elementor-section-height-default elementor-section-height-default\" data-id=\"67282f2\" data-element_type=\"section\" data-e-type=\"section\">\n\t\t\t\t\t\t<div class=\"elementor-container elementor-column-gap-default\">\n\t\t\t\t\t<div class=\"elementor-column elementor-col-50 elementor-top-column elementor-element elementor-element-9da3793\" data-id=\"9da3793\" data-element_type=\"column\" data-e-type=\"column\">\n\t\t\t<div class=\"elementor-widget-wrap elementor-element-populated\">\n\t\t\t\t\t\t<div class=\"elementor-element elementor-element-6c7f6e6 elementor-widget elementor-widget-image\" data-id=\"6c7f6e6\" data-element_type=\"widget\" data-e-type=\"widget\" data-widget_type=\"image.default\">\n\t\t\t\t<div class=\"elementor-widget-container\">\n\t\t\t\t\t\t\t\t\t\t\t\t\t\t\t<img fetchpriority=\"high\" decoding=\"async\" width=\"1024\" height=\"680\" src=\"https:\/\/lineatrading.com.br\/wp-content\/uploads\/2021\/02\/Aviao-e-Containers-1024x680.jpg\" class=\"attachment-large size-large wp-image-290\" alt=\"\" srcset=\"https:\/\/lineatrading.com.br\/wp-content\/uploads\/2021\/02\/Aviao-e-Containers-1024x680.jpg 1024w, https:\/\/lineatrading.com.br\/wp-content\/uploads\/2021\/02\/Aviao-e-Containers-300x199.jpg 300w, https:\/\/lineatrading.com.br\/wp-content\/uploads\/2021\/02\/Aviao-e-Containers-768x510.jpg 768w, https:\/\/lineatrading.com.br\/wp-content\/uploads\/2021\/02\/Aviao-e-Containers.jpg 1400w\" sizes=\"(max-width: 1024px) 100vw, 1024px\" \/>\t\t\t\t\t\t\t\t\t\t\t\t\t\t\t<\/div>\n\t\t\t\t<\/div>\n\t\t\t\t\t<\/div>\n\t\t<\/div>\n\t\t\t\t<div class=\"elementor-column elementor-col-50 elementor-top-column elementor-element elementor-element-c2a70c7\" data-id=\"c2a70c7\" data-element_type=\"column\" data-e-type=\"column\">\n\t\t\t<div class=\"elementor-widget-wrap elementor-element-populated\">\n\t\t\t\t\t\t<div class=\"elementor-element elementor-element-0170535 elementor-widget elementor-widget-text-editor\" data-id=\"0170535\" data-element_type=\"widget\" data-e-type=\"widget\" data-widget_type=\"text-editor.default\">\n\t\t\t\t<div class=\"elementor-widget-container\">\n\t\t\t\t\t\t\t\t\t<h3><span style=\"color: #65806f;\">Export Solutions<\/span><\/h3><p><span style=\"color: #65806f;\">Has encontrado a ese cliente en el extranjero, pero no sabes c\u00f3mo hacerle llegar tu producto. No te preocupes, Linea Trading responde a todas tus preguntas sobre c\u00f3mo exportar sin complicaciones y entrega tus productos a cualquier parte del mundo.<\/span><\/p>\t\t\t\t\t\t\t\t<\/div>\n\t\t\t\t<\/div>\n\t\t\t\t<div class=\"elementor-element elementor-element-bd1182d elementor-widget elementor-widget-text-editor\" data-id=\"bd1182d\" data-element_type=\"widget\" data-e-type=\"widget\" data-widget_type=\"text-editor.default\">\n\t\t\t\t<div class=\"elementor-widget-container\">\n\t\t\t\t\t\t\t\t\t<h3><span style=\"color: #65806f;\">Comercio Internacional<\/span><\/h3><p><span style=\"color: #65806f;\"><strong>Linea Trading <\/strong>ofrece las mejores soluciones de comercio internacional para su empresa. Nos encargamos de todo el proceso de exportaci\u00f3n. Preparamos su plan de exportaci\u00f3n, incluyendo la documentaci\u00f3n log\u00edstica y legal de su negocio. Reduzca costos y encuentre al mejor importador.<\/span><\/p>\t\t\t\t\t\t\t\t<\/div>\n\t\t\t\t<\/div>\n\t\t\t\t\t<\/div>\n\t\t<\/div>\n\t\t\t\t\t<\/div>\n\t\t<\/section>\n\t\t\t\t<section class=\"elementor-section elementor-top-section elementor-element elementor-element-7ff3cce elementor-section-boxed elementor-section-height-default elementor-section-height-default\" data-id=\"7ff3cce\" data-element_type=\"section\" data-e-type=\"section\">\n\t\t\t\t\t\t<div class=\"elementor-container elementor-column-gap-default\">\n\t\t\t\t\t<div class=\"elementor-column elementor-col-50 elementor-top-column elementor-element elementor-element-5c6b5f0\" data-id=\"5c6b5f0\" data-element_type=\"column\" data-e-type=\"column\">\n\t\t\t<div class=\"elementor-widget-wrap elementor-element-populated\">\n\t\t\t\t\t\t<div class=\"elementor-element elementor-element-45132d2 elementor-widget elementor-widget-image\" data-id=\"45132d2\" data-element_type=\"widget\" data-e-type=\"widget\" data-widget_type=\"image.default\">\n\t\t\t\t<div class=\"elementor-widget-container\">\n\t\t\t\t\t\t\t\t\t\t\t\t\t\t\t<img decoding=\"async\" width=\"504\" height=\"257\" src=\"https:\/\/lineatrading.com.br\/wp-content\/uploads\/2025\/07\/brazilian-fruits.jpg\" class=\"attachment-large size-large wp-image-352\" alt=\"\" srcset=\"https:\/\/lineatrading.com.br\/wp-content\/uploads\/2025\/07\/brazilian-fruits.jpg 504w, https:\/\/lineatrading.com.br\/wp-content\/uploads\/2025\/07\/brazilian-fruits-300x153.jpg 300w, https:\/\/lineatrading.com.br\/wp-content\/uploads\/2025\/07\/brazilian-fruits-18x9.jpg 18w\" sizes=\"(max-width: 504px) 100vw, 504px\" \/>\t\t\t\t\t\t\t\t\t\t\t\t\t\t\t<\/div>\n\t\t\t\t<\/div>\n\t\t\t\t\t<\/div>\n\t\t<\/div>\n\t\t\t\t<div class=\"elementor-column elementor-col-50 elementor-top-column elementor-element elementor-element-127ae01\" data-id=\"127ae01\" data-element_type=\"column\" data-e-type=\"column\">\n\t\t\t<div class=\"elementor-widget-wrap elementor-element-populated\">\n\t\t\t\t\t\t<div class=\"elementor-element elementor-element-7fc385e elementor-widget-tablet__width-initial elementor-widget elementor-widget-text-editor\" data-id=\"7fc385e\" data-element_type=\"widget\" data-e-type=\"widget\" data-widget_type=\"text-editor.default\">\n\t\t\t\t<div class=\"elementor-widget-container\">\n\t\t\t\t\t\t\t\t\t<h4>Frutas de Brasil para el mundo\u00a0\u00a0<\/h4><p>Si usted produce fruta en Brasil y est\u00e1 considerando exportar, tenemos acceso a distribuidores en los mercados de Europa, \u00c1frica y Medio Oriente.<\/p><p>Si est\u00e1s en otro pa\u00eds y quieres importar fruta de Brasil, tenemos acceso a proveedores que producen con los est\u00e1ndares de calidad que buscas.<\/p>\t\t\t\t\t\t\t\t<\/div>\n\t\t\t\t<\/div>\n\t\t\t\t\t<\/div>\n\t\t<\/div>\n\t\t\t\t\t<\/div>\n\t\t<\/section>\n\t\t\t\t<section class=\"elementor-section elementor-top-section elementor-element elementor-element-8a5ecb5 elementor-section-boxed elementor-section-height-default elementor-section-height-default\" data-id=\"8a5ecb5\" data-element_type=\"section\" data-e-type=\"section\">\n\t\t\t\t\t\t<div class=\"elementor-container elementor-column-gap-default\">\n\t\t\t\t\t<div class=\"elementor-column elementor-col-100 elementor-top-column elementor-element elementor-element-d5d8ff9\" data-id=\"d5d8ff9\" data-element_type=\"column\" data-e-type=\"column\">\n\t\t\t<div class=\"elementor-widget-wrap elementor-element-populated\">\n\t\t\t\t\t\t<div class=\"elementor-element elementor-element-4384dbf elementor-widget elementor-widget-video\" data-id=\"4384dbf\" data-element_type=\"widget\" data-e-type=\"widget\" data-settings=\"{&quot;youtube_url&quot;:&quot;https:\\\/\\\/www.youtube.com\\\/watch?v=eW1kSR8nwhU&quot;,&quot;video_type&quot;:&quot;youtube&quot;,&quot;controls&quot;:&quot;yes&quot;}\" data-widget_type=\"video.default\">\n\t\t\t\t<div class=\"elementor-widget-container\">\n\t\t\t\t\t\t\t<div class=\"elementor-wrapper elementor-open-inline\">\n\t\t\t<div class=\"elementor-video\"><\/div>\t\t<\/div>\n\t\t\t\t\t\t<\/div>\n\t\t\t\t<\/div>\n\t\t\t\t\t<\/div>\n\t\t<\/div>\n\t\t\t\t\t<\/div>\n\t\t<\/section>\n\t\t\t\t<\/div>","protected":false},"excerpt":{"rendered":"<p>EXPORTING We have the best foreign trade solutions for your company. We handle the entire export process. Reduce costs and find the best importer Export Solutions You&#8217;ve found that client abroad, but you don&#8217;t know how to get your product to them. Don&#8217;t worry, Linea Trading offers answers to all your questions about exporting without&hellip;&nbsp;<a href=\"https:\/\/lineatrading.com.br\/es\/exportacao\/\" rel=\"bookmark\">Leer m\u00e1s &raquo;<span class=\"screen-reader-text\">Export<\/span><\/a><\/p>","protected":false},"author":1,"featured_media":0,"parent":0,"menu_order":0,"comment_status":"closed","ping_status":"closed","template":"elementor_header_footer","meta":{"neve_meta_sidebar":"full-width","neve_meta_container":"","neve_meta_enable_content_width":"on","neve_meta_content_width":100,"neve_meta_title_alignment":"","neve_meta_author_avatar":"","neve_post_elements_order":"","neve_meta_disable_header":"","neve_meta_disable_footer":"","neve_meta_disable_title":"","_joinchat":[],"footnotes":""},"class_list":["post-29","page","type-page","status-publish","hentry"],"_links":{"self":[{"href":"https:\/\/lineatrading.com.br\/es\/wp-json\/wp\/v2\/pages\/29","targetHints":{"allow":["GET"]}}],"collection":[{"href":"https:\/\/lineatrading.com.br\/es\/wp-json\/wp\/v2\/pages"}],"about":[{"href":"https:\/\/lineatrading.com.br\/es\/wp-json\/wp\/v2\/types\/page"}],"author":[{"embeddable":true,"href":"https:\/\/lineatrading.com.br\/es\/wp-json\/wp\/v2\/users\/1"}],"replies":[{"embeddable":true,"href":"https:\/\/lineatrading.com.br\/es\/wp-json\/wp\/v2\/comments?post=29"}],"version-history":[{"count":61,"href":"https:\/\/lineatrading.com.br\/es\/wp-json\/wp\/v2\/pages\/29\/revisions"}],"predecessor-version":[{"id":413,"href":"https:\/\/lineatrading.com.br\/es\/wp-json\/wp\/v2\/pages\/29\/revisions\/413"}],"wp:attachment":[{"href":"https:\/\/lineatrading.com.br\/es\/wp-json\/wp\/v2\/media?parent=29"}],"curies":[{"name":"wp","href":"https:\/\/api.w.org\/{rel}","templated":true}]}}