{"id":28,"date":"2020-01-17T15:26:04","date_gmt":"2020-01-17T18:26:04","guid":{"rendered":"https:\/\/demosites.io\/web-agency\/?page_id=28"},"modified":"2025-08-04T15:26:10","modified_gmt":"2025-08-04T18:26:10","slug":"importacao","status":"publish","type":"page","link":"https:\/\/lineatrading.com.br\/es\/importacao\/","title":{"rendered":"Import"},"content":{"rendered":"<div data-elementor-type=\"wp-page\" data-elementor-id=\"28\" class=\"elementor elementor-28\">\n\t\t\t\t\t\t<section class=\"elementor-section elementor-top-section elementor-element elementor-element-4a013ae elementor-section-height-min-height elementor-section-boxed elementor-section-height-default elementor-section-items-middle\" data-id=\"4a013ae\" data-element_type=\"section\" data-e-type=\"section\" data-settings=\"{&quot;background_background&quot;:&quot;classic&quot;}\">\n\t\t\t\t\t\t<div class=\"elementor-container elementor-column-gap-default\">\n\t\t\t\t\t<div class=\"elementor-column elementor-col-100 elementor-top-column elementor-element elementor-element-839e769\" data-id=\"839e769\" data-element_type=\"column\" data-e-type=\"column\" data-settings=\"{&quot;background_background&quot;:&quot;classic&quot;}\">\n\t\t\t<div class=\"elementor-widget-wrap elementor-element-populated\">\n\t\t\t\t\t<div class=\"elementor-background-overlay\"><\/div>\n\t\t\t\t\t\t<div class=\"elementor-element elementor-element-7900e96 elementor-widget elementor-widget-heading\" data-id=\"7900e96\" data-element_type=\"widget\" data-e-type=\"widget\" data-widget_type=\"heading.default\">\n\t\t\t\t<div class=\"elementor-widget-container\">\n\t\t\t\t\t<h1 class=\"elementor-heading-title elementor-size-default\">IMPORTANDO A BRASIL<\/h1>\t\t\t\t<\/div>\n\t\t\t\t<\/div>\n\t\t\t\t<div class=\"elementor-element elementor-element-c880e06 elementor-widget elementor-widget-text-editor\" data-id=\"c880e06\" data-element_type=\"widget\" data-e-type=\"widget\" data-widget_type=\"text-editor.default\">\n\t\t\t\t<div class=\"elementor-widget-container\">\n\t\t\t\t\t\t\t\t\t<p>Nos encargamos de todo el proceso de importaci\u00f3n: env\u00edo, seguro, despacho de aduanas, almacenamiento, pick&amp;pack y distribuci\u00f3n.<\/p>\t\t\t\t\t\t\t\t<\/div>\n\t\t\t\t<\/div>\n\t\t\t\t\t<\/div>\n\t\t<\/div>\n\t\t\t\t\t<\/div>\n\t\t<\/section>\n\t\t\t\t<section class=\"elementor-section elementor-top-section elementor-element elementor-element-bd14131 elementor-section-boxed elementor-section-height-default elementor-section-height-default\" data-id=\"bd14131\" data-element_type=\"section\" data-e-type=\"section\">\n\t\t\t\t\t\t<div class=\"elementor-container elementor-column-gap-default\">\n\t\t\t\t\t<div class=\"elementor-column elementor-col-100 elementor-top-column elementor-element elementor-element-c2e3f41\" data-id=\"c2e3f41\" data-element_type=\"column\" data-e-type=\"column\">\n\t\t\t<div class=\"elementor-widget-wrap elementor-element-populated\">\n\t\t\t\t\t\t<div class=\"elementor-element elementor-element-4edd9a6 elementor-widget elementor-widget-spacer\" data-id=\"4edd9a6\" data-element_type=\"widget\" data-e-type=\"widget\" data-widget_type=\"spacer.default\">\n\t\t\t\t<div class=\"elementor-widget-container\">\n\t\t\t\t\t\t\t<div class=\"elementor-spacer\">\n\t\t\t<div class=\"elementor-spacer-inner\"><\/div>\n\t\t<\/div>\n\t\t\t\t\t\t<\/div>\n\t\t\t\t<\/div>\n\t\t\t\t\t<\/div>\n\t\t<\/div>\n\t\t\t\t\t<\/div>\n\t\t<\/section>\n\t\t\t\t<section class=\"elementor-section elementor-top-section elementor-element elementor-element-a743696 elementor-section-boxed elementor-section-height-default elementor-section-height-default\" data-id=\"a743696\" data-element_type=\"section\" data-e-type=\"section\">\n\t\t\t\t\t\t<div class=\"elementor-container elementor-column-gap-default\">\n\t\t\t\t\t<div class=\"elementor-column elementor-col-50 elementor-top-column elementor-element elementor-element-6f1945a\" data-id=\"6f1945a\" data-element_type=\"column\" data-e-type=\"column\">\n\t\t\t<div class=\"elementor-widget-wrap elementor-element-populated\">\n\t\t\t\t\t\t<div class=\"elementor-element elementor-element-94c2fd9 elementor-widget elementor-widget-image\" data-id=\"94c2fd9\" data-element_type=\"widget\" data-e-type=\"widget\" data-widget_type=\"image.default\">\n\t\t\t\t<div class=\"elementor-widget-container\">\n\t\t\t\t\t\t\t\t\t\t\t\t\t\t\t<img fetchpriority=\"high\" decoding=\"async\" width=\"972\" height=\"454\" src=\"https:\/\/lineatrading.com.br\/wp-content\/uploads\/2025\/08\/Services-Eng.jpg\" class=\"attachment-2048x2048 size-2048x2048 wp-image-380\" alt=\"\" srcset=\"https:\/\/lineatrading.com.br\/wp-content\/uploads\/2025\/08\/Services-Eng.jpg 972w, https:\/\/lineatrading.com.br\/wp-content\/uploads\/2025\/08\/Services-Eng-300x140.jpg 300w, https:\/\/lineatrading.com.br\/wp-content\/uploads\/2025\/08\/Services-Eng-768x359.jpg 768w, https:\/\/lineatrading.com.br\/wp-content\/uploads\/2025\/08\/Services-Eng-18x8.jpg 18w\" sizes=\"(max-width: 972px) 100vw, 972px\" \/>\t\t\t\t\t\t\t\t\t\t\t\t\t\t\t<\/div>\n\t\t\t\t<\/div>\n\t\t\t\t\t<\/div>\n\t\t<\/div>\n\t\t\t\t<div class=\"elementor-column elementor-col-50 elementor-top-column elementor-element elementor-element-31591bf\" data-id=\"31591bf\" data-element_type=\"column\" data-e-type=\"column\">\n\t\t\t<div class=\"elementor-widget-wrap elementor-element-populated\">\n\t\t\t\t\t\t<div class=\"elementor-element elementor-element-36a5972 elementor-widget elementor-widget-text-editor\" data-id=\"36a5972\" data-element_type=\"widget\" data-e-type=\"widget\" data-widget_type=\"text-editor.default\">\n\t\t\t\t<div class=\"elementor-widget-container\">\n\t\t\t\t\t\t\t\t\t<h3><span style=\"color: #65806f;\">Soluciones de Importaci\u00f3n<\/span><\/h3><p><span style=\"color: #333333;\">Importar en Brazil es complicado. Observe la tabla al lado y tendr\u00e1 claro cuales ser\u00e1n sus preocupaciones cuando quiera importar por conta propia, en el caso de su empresa tener RADAR y su proveedor tambi\u00e9n. Linea Trading se encarga de todos los pasos del proceso de importaci\u00f3n de productos para su empresa<\/span><\/p><p><span style=\"color: #333333;\">Nosotros tenemos los melhores profesionales en COMEX del mercado. Haga una simulaci\u00f3n com nosotros y compare lo cuanto se ahorrar\u00e1 com los servicios de Linea Trading, ver\u00e1 que importar com a Linea Trading es la mejor soluci\u00f3n de comercio exterior. Nosotros nos encargamos de todo el papeleo mientras usted se dedica a su negocio<\/span><\/p><p><span style=\"color: #65806f;\">.<\/span><\/p>\t\t\t\t\t\t\t\t<\/div>\n\t\t\t\t<\/div>\n\t\t\t\t\t<\/div>\n\t\t<\/div>\n\t\t\t\t\t<\/div>\n\t\t<\/section>\n\t\t\t\t<section class=\"elementor-section elementor-top-section elementor-element elementor-element-c2e6122 elementor-section-boxed elementor-section-height-default elementor-section-height-default\" data-id=\"c2e6122\" data-element_type=\"section\" data-e-type=\"section\">\n\t\t\t\t\t\t<div class=\"elementor-container elementor-column-gap-default\">\n\t\t\t\t\t<div class=\"elementor-column elementor-col-100 elementor-top-column elementor-element elementor-element-f3a9bcf\" data-id=\"f3a9bcf\" data-element_type=\"column\" data-e-type=\"column\">\n\t\t\t<div class=\"elementor-widget-wrap elementor-element-populated\">\n\t\t\t\t\t\t<div class=\"elementor-element elementor-element-e51f2da elementor-widget elementor-widget-spacer\" data-id=\"e51f2da\" data-element_type=\"widget\" data-e-type=\"widget\" data-widget_type=\"spacer.default\">\n\t\t\t\t<div class=\"elementor-widget-container\">\n\t\t\t\t\t\t\t<div class=\"elementor-spacer\">\n\t\t\t<div class=\"elementor-spacer-inner\"><\/div>\n\t\t<\/div>\n\t\t\t\t\t\t<\/div>\n\t\t\t\t<\/div>\n\t\t\t\t\t<\/div>\n\t\t<\/div>\n\t\t\t\t\t<\/div>\n\t\t<\/section>\n\t\t\t\t<\/div>","protected":false},"excerpt":{"rendered":"<p>IMPORTING TO BRAZIL We take care of the entire import process &#8211; shipping, insurance, customs clearance, storage, pick&amp;pack and distribution Import Solutions Importing in Brazil is complicated. See the table below to get a good idea of what your concerns will be if you want to import on your own, if you already have your&hellip;&nbsp;<a href=\"https:\/\/lineatrading.com.br\/es\/importacao\/\" rel=\"bookmark\">Leer m\u00e1s &raquo;<span class=\"screen-reader-text\">Import<\/span><\/a><\/p>","protected":false},"author":1,"featured_media":0,"parent":0,"menu_order":0,"comment_status":"closed","ping_status":"closed","template":"elementor_header_footer","meta":{"neve_meta_sidebar":"full-width","neve_meta_container":"","neve_meta_enable_content_width":"on","neve_meta_content_width":100,"neve_meta_title_alignment":"","neve_meta_author_avatar":"","neve_post_elements_order":"","neve_meta_disable_header":"","neve_meta_disable_footer":"","neve_meta_disable_title":"","_joinchat":[],"footnotes":""},"class_list":["post-28","page","type-page","status-publish","hentry"],"_links":{"self":[{"href":"https:\/\/lineatrading.com.br\/es\/wp-json\/wp\/v2\/pages\/28","targetHints":{"allow":["GET"]}}],"collection":[{"href":"https:\/\/lineatrading.com.br\/es\/wp-json\/wp\/v2\/pages"}],"about":[{"href":"https:\/\/lineatrading.com.br\/es\/wp-json\/wp\/v2\/types\/page"}],"author":[{"embeddable":true,"href":"https:\/\/lineatrading.com.br\/es\/wp-json\/wp\/v2\/users\/1"}],"replies":[{"embeddable":true,"href":"https:\/\/lineatrading.com.br\/es\/wp-json\/wp\/v2\/comments?post=28"}],"version-history":[{"count":47,"href":"https:\/\/lineatrading.com.br\/es\/wp-json\/wp\/v2\/pages\/28\/revisions"}],"predecessor-version":[{"id":404,"href":"https:\/\/lineatrading.com.br\/es\/wp-json\/wp\/v2\/pages\/28\/revisions\/404"}],"wp:attachment":[{"href":"https:\/\/lineatrading.com.br\/es\/wp-json\/wp\/v2\/media?parent=28"}],"curies":[{"name":"wp","href":"https:\/\/api.w.org\/{rel}","templated":true}]}}